{"id":62894,"date":"2023-07-26T14:33:23","date_gmt":"2023-07-26T12:33:23","guid":{"rendered":"https:\/\/ortica.ch\/shop\/unkategorisiert\/oyas-zum-einpflanzen-natur-medium-15-l\/"},"modified":"2023-07-26T14:33:23","modified_gmt":"2023-07-26T12:33:23","slug":"oyas-zum-einpflanzen-natur-medium-15-l","status":"publish","type":"product","link":"https:\/\/ortica.ch\/de\/shop\/nicht-klassifiziert-de\/oyas-zum-einpflanzen-natur-medium-15-l\/","title":{"rendered":"Oyas zum Einpflanzen &#8211; Natur, Medium &#8211; 1,5 L"},"content":{"rendered":"<p>Oyas zum Einpflanzen &#8211; Natur, Medium &#8211; 1,5 L<\/p>\n","protected":false},"excerpt":{"rendered":"<p>Oyas zum Einpflanzen &#8211; Natur, Medium &#8211; 1,5 L<\/p>\n","protected":false},"featured_media":62386,"comment_status":"open","ping_status":"closed","template":"","meta":{"_seopress_robots_primary_cat":"none","_seopress_titles_title":"","_seopress_titles_desc":"Entdecken Sie unsere Oyas, die sich ideal f\u00fcr eine nat\u00fcrliche Bew\u00e4sserung eignen. Pflanze sie in deinen Garten und beobachte, wie sie gedeihen und dabei Wasser sparen!","_seopress_robots_index":""},"product_brand":[],"product_cat":[124],"product_tag":[],"class_list":{"0":"post-62894","1":"product","2":"type-product","3":"status-publish","4":"has-post-thumbnail","6":"product_cat-nicht-klassifiziert-de","7":"post-wrapper","8":"thrv_wrapper","10":"first","11":"outofstock","12":"taxable","13":"shipping-taxable","14":"purchasable","15":"product-type-simple"},"_links":{"self":[{"href":"https:\/\/ortica.ch\/de\/wp-json\/wp\/v2\/product\/62894","targetHints":{"allow":["GET"]}}],"collection":[{"href":"https:\/\/ortica.ch\/de\/wp-json\/wp\/v2\/product"}],"about":[{"href":"https:\/\/ortica.ch\/de\/wp-json\/wp\/v2\/types\/product"}],"replies":[{"embeddable":true,"href":"https:\/\/ortica.ch\/de\/wp-json\/wp\/v2\/comments?post=62894"}],"wp:featuredmedia":[{"embeddable":true,"href":"https:\/\/ortica.ch\/de\/wp-json\/wp\/v2\/media\/62386"}],"wp:attachment":[{"href":"https:\/\/ortica.ch\/de\/wp-json\/wp\/v2\/media?parent=62894"}],"wp:term":[{"taxonomy":"product_brand","embeddable":true,"href":"https:\/\/ortica.ch\/de\/wp-json\/wp\/v2\/product_brand?post=62894"},{"taxonomy":"product_cat","embeddable":true,"href":"https:\/\/ortica.ch\/de\/wp-json\/wp\/v2\/product_cat?post=62894"},{"taxonomy":"product_tag","embeddable":true,"href":"https:\/\/ortica.ch\/de\/wp-json\/wp\/v2\/product_tag?post=62894"}],"curies":[{"name":"wp","href":"https:\/\/api.w.org\/{rel}","templated":true}]}}