{"id":62884,"date":"2024-02-13T07:25:06","date_gmt":"2024-02-13T06:25:06","guid":{"rendered":"https:\/\/ortica.ch\/shop\/unkategorisiert\/natuerliches-biostimulans-ideal-fuer-pflanzen-im-innen-und-aussenbereich-kompatibel-mit-allen-marken-und-typen-von-ollas-2-l\/"},"modified":"2024-02-13T07:25:06","modified_gmt":"2024-02-13T06:25:06","slug":"natuerliches-biostimulans-ideal-fuer-pflanzen-im-innen-und-aussenbereich-kompatibel-mit-allen-marken-und-typen-von-ollas-2-l","status":"publish","type":"product","link":"https:\/\/ortica.ch\/de\/shop\/nicht-klassifiziert-de\/natuerliches-biostimulans-ideal-fuer-pflanzen-im-innen-und-aussenbereich-kompatibel-mit-allen-marken-und-typen-von-ollas-2-l\/","title":{"rendered":"Nat\u00fcrliches Biostimulans, ideal f\u00fcr Pflanzen im Innen- und Au\u00dfenbereich, kompatibel mit allen Marken und Typen von Ollas. &#8211; 2 L"},"content":{"rendered":"","protected":false},"excerpt":{"rendered":"<p>Nat\u00fcrliches Biostimulans, ideal f\u00fcr Pflanzen im Innen- und Au\u00dfenbereich, kompatibel mit allen Marken und Typen von Ollas. &#8211; 2 L<\/p>\n","protected":false},"featured_media":62637,"comment_status":"open","ping_status":"closed","template":"","meta":{"_seopress_robots_primary_cat":"none","_seopress_titles_title":"Nat\u00fcrliches Biostimulans f\u00fcr Ollas. Schweizer Produktion","_seopress_titles_desc":"Nat\u00fcrliches Biostimulans, ideal f\u00fcr Pflanzen im Innen- und Au\u00dfenbereich, kompatibel mit allen Marken und Typen von Ollas. - 2 L","_seopress_robots_index":""},"product_brand":[],"product_cat":[124],"product_tag":[],"class_list":{"0":"post-62884","1":"product","2":"type-product","3":"status-publish","4":"has-post-thumbnail","6":"product_cat-nicht-klassifiziert-de","7":"post-wrapper","8":"thrv_wrapper","10":"first","11":"outofstock","12":"taxable","13":"shipping-taxable","14":"purchasable","15":"product-type-simple"},"_links":{"self":[{"href":"https:\/\/ortica.ch\/de\/wp-json\/wp\/v2\/product\/62884","targetHints":{"allow":["GET"]}}],"collection":[{"href":"https:\/\/ortica.ch\/de\/wp-json\/wp\/v2\/product"}],"about":[{"href":"https:\/\/ortica.ch\/de\/wp-json\/wp\/v2\/types\/product"}],"replies":[{"embeddable":true,"href":"https:\/\/ortica.ch\/de\/wp-json\/wp\/v2\/comments?post=62884"}],"wp:featuredmedia":[{"embeddable":true,"href":"https:\/\/ortica.ch\/de\/wp-json\/wp\/v2\/media\/62637"}],"wp:attachment":[{"href":"https:\/\/ortica.ch\/de\/wp-json\/wp\/v2\/media?parent=62884"}],"wp:term":[{"taxonomy":"product_brand","embeddable":true,"href":"https:\/\/ortica.ch\/de\/wp-json\/wp\/v2\/product_brand?post=62884"},{"taxonomy":"product_cat","embeddable":true,"href":"https:\/\/ortica.ch\/de\/wp-json\/wp\/v2\/product_cat?post=62884"},{"taxonomy":"product_tag","embeddable":true,"href":"https:\/\/ortica.ch\/de\/wp-json\/wp\/v2\/product_tag?post=62884"}],"curies":[{"name":"wp","href":"https:\/\/api.w.org\/{rel}","templated":true}]}}