{"id":61595,"date":"2023-07-26T13:26:29","date_gmt":"2023-07-26T11:26:29","guid":{"rendered":"https:\/\/ortica.ch\/?post_type=product&#038;p=61595"},"modified":"2023-09-26T15:35:42","modified_gmt":"2023-09-26T13:35:42","slug":"oyas-a-planter-roseaux-vert","status":"publish","type":"product","link":"https:\/\/ortica.ch\/de\/shop\/nicht-klassifiziert-de\/oyas-a-planter-roseaux-vert\/","title":{"rendered":"Oyas \u00e0 planter &#8211; Roseaux vert &#8211; 0.3 L"},"content":{"rendered":"<p>Oyas \u00e0 planter &#8211; Roseaux vert<\/p>\n","protected":false},"excerpt":{"rendered":"<p>Oyas \u00e0 planter &#8211; Roseaux vert<\/p>\n","protected":false},"featured_media":61598,"comment_status":"open","ping_status":"closed","template":"","meta":{"_seopress_robots_primary_cat":"none","_seopress_titles_title":"","_seopress_titles_desc":"D\u00e9couvrez nos Oyas, id\u00e9ales pour un arrosage naturel. Plantez-les dans votre jardin et observez le s&#039;\u00e9panouir, tout en \u00e9conomisant de l&#039;eau !","_seopress_robots_index":""},"product_brand":[],"product_cat":[23],"product_tag":[],"class_list":{"0":"post-61595","1":"product","2":"type-product","3":"status-publish","4":"has-post-thumbnail","6":"product_cat-non-classe","7":"post-wrapper","8":"thrv_wrapper","10":"first","11":"instock","12":"taxable","13":"shipping-taxable","14":"purchasable","15":"product-type-simple"},"_links":{"self":[{"href":"https:\/\/ortica.ch\/de\/wp-json\/wp\/v2\/product\/61595","targetHints":{"allow":["GET"]}}],"collection":[{"href":"https:\/\/ortica.ch\/de\/wp-json\/wp\/v2\/product"}],"about":[{"href":"https:\/\/ortica.ch\/de\/wp-json\/wp\/v2\/types\/product"}],"replies":[{"embeddable":true,"href":"https:\/\/ortica.ch\/de\/wp-json\/wp\/v2\/comments?post=61595"}],"wp:featuredmedia":[{"embeddable":true,"href":"https:\/\/ortica.ch\/de\/wp-json\/wp\/v2\/media\/61598"}],"wp:attachment":[{"href":"https:\/\/ortica.ch\/de\/wp-json\/wp\/v2\/media?parent=61595"}],"wp:term":[{"taxonomy":"product_brand","embeddable":true,"href":"https:\/\/ortica.ch\/de\/wp-json\/wp\/v2\/product_brand?post=61595"},{"taxonomy":"product_cat","embeddable":true,"href":"https:\/\/ortica.ch\/de\/wp-json\/wp\/v2\/product_cat?post=61595"},{"taxonomy":"product_tag","embeddable":true,"href":"https:\/\/ortica.ch\/de\/wp-json\/wp\/v2\/product_tag?post=61595"}],"curies":[{"name":"wp","href":"https:\/\/api.w.org\/{rel}","templated":true}]}}