{"id":61295,"date":"2023-06-16T13:32:05","date_gmt":"2023-06-16T11:32:05","guid":{"rendered":"https:\/\/ortica.ch\/?post_type=product&#038;p=61295"},"modified":"2025-03-27T12:51:48","modified_gmt":"2025-03-27T11:51:48","slug":"extrait-fermente-de-fougere-1-8-litre","status":"publish","type":"product","link":"https:\/\/ortica.ch\/de\/shop\/purin-de-fougere\/extrait-fermente-de-fougere-1-8-litre\/","title":{"rendered":"Extrait ferment\u00e9 de foug\u00e8re 1.8 litre"},"content":{"rendered":"<p>Purin de foug\u00e8re 1.8 litre<\/p>\n","protected":false},"excerpt":{"rendered":"<p>Purin de foug\u00e8re 1.8 litre<\/p>\n","protected":false},"featured_media":57902,"comment_status":"open","ping_status":"closed","template":"","meta":{"_seopress_robots_primary_cat":"none","_seopress_titles_title":"","_seopress_titles_desc":"","_seopress_robots_index":""},"product_brand":[],"product_cat":[59],"product_tag":[110],"class_list":{"0":"post-61295","1":"product","2":"type-product","3":"status-publish","4":"has-post-thumbnail","6":"product_cat-purin-de-fougere","7":"product_tag-https-ortica-ch-wp-admin-media-upload-phppost_id61295typeimagetb_iframe1","8":"post-wrapper","9":"thrv_wrapper","11":"first","12":"instock","13":"taxable","14":"shipping-taxable","15":"purchasable","16":"product-type-simple"},"_links":{"self":[{"href":"https:\/\/ortica.ch\/de\/wp-json\/wp\/v2\/product\/61295","targetHints":{"allow":["GET"]}}],"collection":[{"href":"https:\/\/ortica.ch\/de\/wp-json\/wp\/v2\/product"}],"about":[{"href":"https:\/\/ortica.ch\/de\/wp-json\/wp\/v2\/types\/product"}],"replies":[{"embeddable":true,"href":"https:\/\/ortica.ch\/de\/wp-json\/wp\/v2\/comments?post=61295"}],"wp:featuredmedia":[{"embeddable":true,"href":"https:\/\/ortica.ch\/de\/wp-json\/wp\/v2\/media\/57902"}],"wp:attachment":[{"href":"https:\/\/ortica.ch\/de\/wp-json\/wp\/v2\/media?parent=61295"}],"wp:term":[{"taxonomy":"product_brand","embeddable":true,"href":"https:\/\/ortica.ch\/de\/wp-json\/wp\/v2\/product_brand?post=61295"},{"taxonomy":"product_cat","embeddable":true,"href":"https:\/\/ortica.ch\/de\/wp-json\/wp\/v2\/product_cat?post=61295"},{"taxonomy":"product_tag","embeddable":true,"href":"https:\/\/ortica.ch\/de\/wp-json\/wp\/v2\/product_tag?post=61295"}],"curies":[{"name":"wp","href":"https:\/\/api.w.org\/{rel}","templated":true}]}}