{"id":61102,"date":"2023-04-26T11:03:03","date_gmt":"2023-04-26T09:03:03","guid":{"rendered":"https:\/\/ortica.ch\/?post_type=product&#038;p=61102"},"modified":"2025-03-27T12:52:43","modified_gmt":"2025-03-27T11:52:43","slug":"biorga-engrais-pour-jardinieres-surelevees-0-2kg","status":"publish","type":"product","link":"https:\/\/ortica.ch\/de\/shop\/engrais-pour-jardinieres-surelevees\/biorga-engrais-pour-jardinieres-surelevees-0-2kg\/","title":{"rendered":"Biorga engrais pour jardini\u00e8res sur\u00e9lev\u00e9es 0.2kg"},"content":{"rendered":"<p>Biorga engrais pour jardini\u00e8res sur\u00e9lev\u00e9es 0.2kg<\/p>\n","protected":false},"excerpt":{"rendered":"<p><strong>Biorga engrais pour jardini\u00e8res sur\u00e9lev\u00e9es 0.2kg<\/strong><\/p>\n","protected":false},"featured_media":60978,"comment_status":"open","ping_status":"closed","template":"","meta":{"_seopress_robots_primary_cat":"","_seopress_titles_title":"","_seopress_titles_desc":"","_seopress_robots_index":""},"product_brand":[],"product_cat":[106],"product_tag":[],"class_list":{"0":"post-61102","1":"product","2":"type-product","3":"status-publish","4":"has-post-thumbnail","6":"product_cat-engrais-pour-jardinieres-surelevees","7":"post-wrapper","8":"thrv_wrapper","10":"first","11":"instock","12":"taxable","13":"shipping-taxable","14":"purchasable","15":"product-type-simple"},"_links":{"self":[{"href":"https:\/\/ortica.ch\/de\/wp-json\/wp\/v2\/product\/61102","targetHints":{"allow":["GET"]}}],"collection":[{"href":"https:\/\/ortica.ch\/de\/wp-json\/wp\/v2\/product"}],"about":[{"href":"https:\/\/ortica.ch\/de\/wp-json\/wp\/v2\/types\/product"}],"replies":[{"embeddable":true,"href":"https:\/\/ortica.ch\/de\/wp-json\/wp\/v2\/comments?post=61102"}],"wp:featuredmedia":[{"embeddable":true,"href":"https:\/\/ortica.ch\/de\/wp-json\/wp\/v2\/media\/60978"}],"wp:attachment":[{"href":"https:\/\/ortica.ch\/de\/wp-json\/wp\/v2\/media?parent=61102"}],"wp:term":[{"taxonomy":"product_brand","embeddable":true,"href":"https:\/\/ortica.ch\/de\/wp-json\/wp\/v2\/product_brand?post=61102"},{"taxonomy":"product_cat","embeddable":true,"href":"https:\/\/ortica.ch\/de\/wp-json\/wp\/v2\/product_cat?post=61102"},{"taxonomy":"product_tag","embeddable":true,"href":"https:\/\/ortica.ch\/de\/wp-json\/wp\/v2\/product_tag?post=61102"}],"curies":[{"name":"wp","href":"https:\/\/api.w.org\/{rel}","templated":true}]}}