{"id":58068,"date":"2021-05-03T17:15:44","date_gmt":"2021-05-03T15:15:44","guid":{"rendered":"https:\/\/ortica.ch\/?post_type=product&#038;p=58068"},"modified":"2025-03-27T13:02:21","modified_gmt":"2025-03-27T12:02:21","slug":"extrait-fermente-de-fougere-250-litres","status":"publish","type":"product","link":"https:\/\/ortica.ch\/de\/shop\/purin-de-fougere\/extrait-fermente-de-fougere-250-litres\/","title":{"rendered":"Extrait ferment\u00e9 de foug\u00e8re 250 litres"},"content":{"rendered":"<p>Purin de foug\u00e8re 250 litres<\/p>\n","protected":false},"excerpt":{"rendered":"<p><strong>Purin de foug\u00e8re 250 litres<\/strong><\/p>\n","protected":false},"featured_media":59015,"comment_status":"open","ping_status":"closed","template":"","meta":{"_seopress_robots_primary_cat":"","_seopress_titles_title":"","_seopress_titles_desc":"","_seopress_robots_index":""},"product_brand":[],"product_cat":[59],"product_tag":[],"class_list":{"0":"post-58068","1":"product","2":"type-product","3":"status-publish","4":"has-post-thumbnail","6":"product_cat-purin-de-fougere","7":"post-wrapper","8":"thrv_wrapper","10":"first","11":"instock","12":"taxable","13":"shipping-taxable","14":"purchasable","15":"product-type-simple"},"_links":{"self":[{"href":"https:\/\/ortica.ch\/de\/wp-json\/wp\/v2\/product\/58068","targetHints":{"allow":["GET"]}}],"collection":[{"href":"https:\/\/ortica.ch\/de\/wp-json\/wp\/v2\/product"}],"about":[{"href":"https:\/\/ortica.ch\/de\/wp-json\/wp\/v2\/types\/product"}],"replies":[{"embeddable":true,"href":"https:\/\/ortica.ch\/de\/wp-json\/wp\/v2\/comments?post=58068"}],"wp:featuredmedia":[{"embeddable":true,"href":"https:\/\/ortica.ch\/de\/wp-json\/wp\/v2\/media\/59015"}],"wp:attachment":[{"href":"https:\/\/ortica.ch\/de\/wp-json\/wp\/v2\/media?parent=58068"}],"wp:term":[{"taxonomy":"product_brand","embeddable":true,"href":"https:\/\/ortica.ch\/de\/wp-json\/wp\/v2\/product_brand?post=58068"},{"taxonomy":"product_cat","embeddable":true,"href":"https:\/\/ortica.ch\/de\/wp-json\/wp\/v2\/product_cat?post=58068"},{"taxonomy":"product_tag","embeddable":true,"href":"https:\/\/ortica.ch\/de\/wp-json\/wp\/v2\/product_tag?post=58068"}],"curies":[{"name":"wp","href":"https:\/\/api.w.org\/{rel}","templated":true}]}}