{"id":58029,"date":"2021-05-07T16:33:36","date_gmt":"2021-05-07T14:33:36","guid":{"rendered":"https:\/\/ortica.ch\/?post_type=product&#038;p=58029"},"modified":"2025-07-23T10:06:55","modified_gmt":"2025-07-23T08:06:55","slug":"decoction-de-prele-1-8-litres","status":"publish","type":"product","link":"https:\/\/ortica.ch\/de\/shop\/purin-de-prele\/decoction-de-prele-1-8-litres\/","title":{"rendered":"D\u00e9coction de pr\u00eale 1.8 litres"},"content":{"rendered":"<p>D\u00e9coction de pr\u00eale 1.8 litres<\/p>\n","protected":false},"excerpt":{"rendered":"<p><strong>D\u00e9coction de pr\u00eale 1.8 litres<\/strong><\/p>\n<p>Conservation longue dur\u00e9e<\/p>\n","protected":false},"featured_media":58030,"comment_status":"open","ping_status":"closed","template":"","meta":{"_seopress_robots_primary_cat":"","_seopress_titles_title":"","_seopress_titles_desc":"","_seopress_robots_index":""},"product_brand":[],"product_cat":[58],"product_tag":[],"class_list":{"0":"post-58029","1":"product","2":"type-product","3":"status-publish","4":"has-post-thumbnail","6":"product_cat-purin-de-prele","7":"post-wrapper","8":"thrv_wrapper","10":"first","11":"instock","12":"taxable","13":"shipping-taxable","14":"purchasable","15":"product-type-simple"},"_links":{"self":[{"href":"https:\/\/ortica.ch\/de\/wp-json\/wp\/v2\/product\/58029","targetHints":{"allow":["GET"]}}],"collection":[{"href":"https:\/\/ortica.ch\/de\/wp-json\/wp\/v2\/product"}],"about":[{"href":"https:\/\/ortica.ch\/de\/wp-json\/wp\/v2\/types\/product"}],"replies":[{"embeddable":true,"href":"https:\/\/ortica.ch\/de\/wp-json\/wp\/v2\/comments?post=58029"}],"wp:featuredmedia":[{"embeddable":true,"href":"https:\/\/ortica.ch\/de\/wp-json\/wp\/v2\/media\/58030"}],"wp:attachment":[{"href":"https:\/\/ortica.ch\/de\/wp-json\/wp\/v2\/media?parent=58029"}],"wp:term":[{"taxonomy":"product_brand","embeddable":true,"href":"https:\/\/ortica.ch\/de\/wp-json\/wp\/v2\/product_brand?post=58029"},{"taxonomy":"product_cat","embeddable":true,"href":"https:\/\/ortica.ch\/de\/wp-json\/wp\/v2\/product_cat?post=58029"},{"taxonomy":"product_tag","embeddable":true,"href":"https:\/\/ortica.ch\/de\/wp-json\/wp\/v2\/product_tag?post=58029"}],"curies":[{"name":"wp","href":"https:\/\/api.w.org\/{rel}","templated":true}]}}