{"id":62896,"date":"2023-09-05T16:51:54","date_gmt":"2023-09-05T14:51:54","guid":{"rendered":"https:\/\/ortica.ch\/presseartikel\/"},"modified":"2023-09-05T16:51:54","modified_gmt":"2023-09-05T14:51:54","slug":"presseartikel","status":"publish","type":"page","link":"https:\/\/ortica.ch\/de\/presseartikel\/","title":{"rendered":"Presseartikel"},"content":{"rendered":"<h1 style=\"\">Presseartikel<\/h1>\n<p><a href=\"https:\/\/ortica.ch\/articles-de-presse\/le-purin-dortie-n-est-plus-hors-la-loi-en-suisse\/\" dynamic-postlink=\"tcb_post_the_permalink\" data-shortcode-id=\"59179\"><\/a><\/p>\n<h2 style=\"\"><span data-attr-css=\"tve-u-18a65e4057f\" data-attr-link=\"1\" data-attr-rel=\"0\" data-attr-static-link=\"{\"className\":\"\",\"href\":\"https:\/\/ortica.ch\/articles-de-presse\/le-purin-dortie-n-est-plus-hors-la-loi-en-suisse\/\",\"title\":\"Le purin d\u2019ortie n\u2019est plus hors-la-loi en Suisse\",\"data-css\":\"tve-u-18a65e4057f\",\"class\":\"\"}\" data-attr-target=\"0\" data-extra_key=\"\" data-option-inline=\"1\" data-shortcode=\"tcb_post_title\" data-shortcode-name=\"Post title\"><a href=\"https:\/\/ortica.ch\/articles-de-presse\/le-purin-dortie-n-est-plus-hors-la-loi-en-suisse\/\" title=\"Brennnesseljauche ist in der Schweiz nicht mehr gesetzeswidrig\">Brennnesseljauche ist in der Schweiz nicht mehr gesetzeswidrig<\/a><\/span><\/h2>\n<p><a href=\"https:\/\/ortica.ch\/articles-de-presse\/le-purin-dortie-n-est-plus-hors-la-loi-en-suisse\/\" style=\"\"><span style=\"\"><\/span><span style=\"\"><span style=\"\">Lesen Sie mehr<\/span><\/span><\/a><a href=\"https:\/\/ortica.ch\/articles-de-presse\/favoriser-ses-cultures-au-lieu-de-lutter-contre-des-pathogenes\/\" dynamic-postlink=\"tcb_post_the_permalink\" data-shortcode-id=\"59179\"><\/a><\/p>\n<h2 style=\"\"><span data-attr-css=\"tve-u-18a65e4057f\" data-attr-link=\"1\" data-attr-rel=\"0\" data-attr-static-link=\"{\"className\":\"\",\"href\":\"https:\/\/ortica.ch\/articles-de-presse\/le-purin-dortie-n-est-plus-hors-la-loi-en-suisse\/\",\"title\":\"Le purin d\u2019ortie n\u2019est plus hors-la-loi en Suisse\",\"data-css\":\"tve-u-18a65e4057f\",\"class\":\"\"}\" data-attr-target=\"0\" data-extra_key=\"\" data-option-inline=\"1\" data-shortcode=\"tcb_post_title\" data-shortcode-name=\"Post title\"><a href=\"https:\/\/ortica.ch\/articles-de-presse\/favoriser-ses-cultures-au-lieu-de-lutter-contre-des-pathogenes\/\" title=\"F\u00f6rderung der eigenen Kulturen statt Bek\u00e4mpfung von Krankheitserregern\">F\u00f6rderung der eigenen Kulturen statt Bek\u00e4mpfung von Krankheitserregern<\/a><\/span><\/h2>\n<p><a href=\"https:\/\/ortica.ch\/articles-de-presse\/favoriser-ses-cultures-au-lieu-de-lutter-contre-des-pathogenes\/\" style=\"\"><span style=\"\"><\/span><span style=\"\"><span style=\"\">Lesen Sie mehr<\/span><\/span><\/a><a href=\"https:\/\/ortica.ch\/articles-de-presse\/fertiliser-avec-le-charbon-vegetal\/\" dynamic-postlink=\"tcb_post_the_permalink\" data-shortcode-id=\"59179\"><\/a><\/p>\n<h2 style=\"\"><span data-attr-css=\"tve-u-18a65e4057f\" data-attr-link=\"1\" data-attr-rel=\"0\" data-attr-static-link=\"{\"className\":\"\",\"href\":\"https:\/\/ortica.ch\/articles-de-presse\/le-purin-dortie-n-est-plus-hors-la-loi-en-suisse\/\",\"title\":\"Le purin d\u2019ortie n\u2019est plus hors-la-loi en Suisse\",\"data-css\":\"tve-u-18a65e4057f\",\"class\":\"\"}\" data-attr-target=\"0\" data-extra_key=\"\" data-option-inline=\"1\" data-shortcode=\"tcb_post_title\" data-shortcode-name=\"Post title\"><a href=\"https:\/\/ortica.ch\/articles-de-presse\/fertiliser-avec-le-charbon-vegetal\/\" title=\"Mit Pflanzenkohle d\u00fcngen\">Mit Pflanzenkohle d\u00fcngen<\/a><\/span><\/h2>\n<p><a href=\"https:\/\/ortica.ch\/articles-de-presse\/fertiliser-avec-le-charbon-vegetal\/\" style=\"\"><span style=\"\"><\/span><span style=\"\"><span style=\"\">Lesen Sie mehr<\/span><\/span><\/a><a href=\"https:\/\/ortica.ch\/articles-de-presse\/article-de-presse-terre-et-nature\/\" dynamic-postlink=\"tcb_post_the_permalink\" data-shortcode-id=\"59179\"><\/a><\/p>\n<h2 style=\"\"><span data-attr-css=\"tve-u-18a65e4057f\" data-attr-link=\"1\" data-attr-rel=\"0\" data-attr-static-link=\"{\"className\":\"\",\"href\":\"https:\/\/ortica.ch\/articles-de-presse\/le-purin-dortie-n-est-plus-hors-la-loi-en-suisse\/\",\"title\":\"Le purin d\u2019ortie n\u2019est plus hors-la-loi en Suisse\",\"data-css\":\"tve-u-18a65e4057f\",\"class\":\"\"}\" data-attr-target=\"0\" data-extra_key=\"\" data-option-inline=\"1\" data-shortcode=\"tcb_post_title\" data-shortcode-name=\"Post title\"><a href=\"https:\/\/ortica.ch\/articles-de-presse\/article-de-presse-terre-et-nature\/\" title=\"Presseartikel \"Terre &amp; Nature\" (Land &amp; Natur)\">Presseartikel &#8222;Terre &amp; Nature&#8220; (Land &amp; Natur)<\/a><\/span><\/h2>\n<p><a href=\"https:\/\/ortica.ch\/articles-de-presse\/article-de-presse-terre-et-nature\/\" style=\"\"><span style=\"\"><\/span><span style=\"\"><span style=\"\">Lesen Sie mehr<\/span><\/span><\/a><a href=\"https:\/\/ortica.ch\/articles-de-presse\/article-de-presse-le-matin-dimanche\/\" dynamic-postlink=\"tcb_post_the_permalink\" data-shortcode-id=\"59179\"><\/a><\/p>\n<h2 style=\"\"><span data-attr-css=\"tve-u-18a65e4057f\" data-attr-link=\"1\" data-attr-rel=\"0\" data-attr-static-link=\"{\"className\":\"\",\"href\":\"https:\/\/ortica.ch\/articles-de-presse\/le-purin-dortie-n-est-plus-hors-la-loi-en-suisse\/\",\"title\":\"Le purin d\u2019ortie n\u2019est plus hors-la-loi en Suisse\",\"data-css\":\"tve-u-18a65e4057f\",\"class\":\"\"}\" data-attr-target=\"0\" data-extra_key=\"\" data-option-inline=\"1\" data-shortcode=\"tcb_post_title\" data-shortcode-name=\"Post title\"><a href=\"https:\/\/ortica.ch\/articles-de-presse\/article-de-presse-le-matin-dimanche\/\" title=\"Artikel in Le Matin Dimanche\">Artikel in Le Matin Dimanche<\/a><\/span><\/h2>\n<p><a href=\"https:\/\/ortica.ch\/articles-de-presse\/article-de-presse-le-matin-dimanche\/\" style=\"\"><span style=\"\"><\/span><span style=\"\"><span style=\"\">Lesen Sie mehr<\/span><\/span><\/a><\/p>\n","protected":false},"excerpt":{"rendered":"<p>Presseartikel Brennnesseljauche ist in der Schweiz nicht mehr gesetzeswidrig Lesen Sie mehr F\u00f6rderung der eigenen Kulturen statt Bek\u00e4mpfung von Krankheitserregern Lesen Sie mehr Mit Pflanzenkohle d\u00fcngen Lesen Sie mehr Presseartikel &#8222;Terre &amp; Nature&#8220; (Land &amp; Natur) Lesen Sie mehr Artikel in Le Matin Dimanche Lesen Sie mehr<\/p>\n","protected":false},"author":1,"featured_media":0,"parent":0,"menu_order":0,"comment_status":"closed","ping_status":"closed","template":"","meta":{"_seopress_robots_primary_cat":"","_seopress_titles_title":"","_seopress_titles_desc":"","_seopress_robots_index":"","footnotes":""},"class_list":["post-62896","page","type-page","status-publish","hentry","post-wrapper","thrv_wrapper"],"_links":{"self":[{"href":"https:\/\/ortica.ch\/de\/wp-json\/wp\/v2\/pages\/62896","targetHints":{"allow":["GET"]}}],"collection":[{"href":"https:\/\/ortica.ch\/de\/wp-json\/wp\/v2\/pages"}],"about":[{"href":"https:\/\/ortica.ch\/de\/wp-json\/wp\/v2\/types\/page"}],"author":[{"embeddable":true,"href":"https:\/\/ortica.ch\/de\/wp-json\/wp\/v2\/users\/1"}],"replies":[{"embeddable":true,"href":"https:\/\/ortica.ch\/de\/wp-json\/wp\/v2\/comments?post=62896"}],"version-history":[{"count":0,"href":"https:\/\/ortica.ch\/de\/wp-json\/wp\/v2\/pages\/62896\/revisions"}],"wp:attachment":[{"href":"https:\/\/ortica.ch\/de\/wp-json\/wp\/v2\/media?parent=62896"}],"curies":[{"name":"wp","href":"https:\/\/api.w.org\/{rel}","templated":true}]}}