{"id":62522,"date":"2021-05-26T17:30:42","date_gmt":"2021-05-26T15:30:42","guid":{"rendered":"https:\/\/ortica.ch\/biochar\/"},"modified":"2023-09-20T11:26:36","modified_gmt":"2023-09-20T09:26:36","slug":"biokohle","status":"publish","type":"page","link":"https:\/\/ortica.ch\/de\/biokohle\/","title":{"rendered":"Biokohle"},"content":{"rendered":"<p><span style=\"\"><img decoding=\"async\" alt=\"Le biochar d'Ortica\" data-id=\"57898\" width=\"350\" data-init-width=\"700\" height=\"350\" data-init-height=\"700\" title=\"biochar_avec_rond\" src=\"https:\/\/ortica.ch\/wp-content\/uploads\/2021\/05\/biochar_avec_rond.png\" data-width=\"350\" style=\"aspect-ratio: auto 700 \/ 700;\" mt-d=\"-3.5\" data-height=\"350\" loading=\"lazy\"><\/span><\/p>\n<h1 style=\"\">Biokohle<\/h1>\n<h2 style=\"\">Notre biochar est disponible sous plusieurs formes de conditionnements.<\/h2>\n<p>Lieferzeit: 2-6 Werktage<\/p>\n<div id=\"wtbp-table-wrapper-6_204378\" style=\"visibility: hidden;\" data-table-id=\"wtbp-table-6_204378\" class=\"wtbpTableWrapper\" data-page-type=\"\" data-page-typeid=\"\">\n\t \n\t<table id=\"wtbp-table-6_204378\" data-table-id=\"6\" class=\"wtbpContentTable\" data-settings=\"{&quot;productids&quot;:&quot;58071,58073,58075&quot;,&quot;order&quot;:&quot;[{\\&quot;slug\\&quot;:\\&quot;thumbnail\\&quot;,\\&quot;original_name\\&quot;:\\&quot;Thumbnail\\&quot;,\\&quot;show_display_name\\&quot;:\\&quot;1\\&quot;,\\&quot;display_name\\&quot;:\\&quot;Image\\&quot;,\\&quot;width\\&quot;:\\&quot;\\&quot;,\\&quot;width_unit\\&quot;:\\&quot;px\\&quot;,\\&quot;always_hide\\&quot;:0,\\&quot;hide_on_mobile\\&quot;:0,\\&quot;show_only_on_mobile\\&quot;:0,\\&quot;mobile_thumbnail_size_width\\&quot;:\\&quot;\\&quot;,\\&quot;mobile_thumbnail_size_height\\&quot;:\\&quot;\\&quot;,\\&quot;main_slug\\&quot;:\\&quot;thumbnail\\&quot;},{\\&quot;slug\\&quot;:\\&quot;short_description\\&quot;,\\&quot;original_name\\&quot;:\\&quot;Short description\\&quot;,\\&quot;show_display_name\\&quot;:\\&quot;1\\&quot;,\\&quot;display_name\\&quot;:\\&quot;Description\\&quot;,\\&quot;width\\&quot;:\\&quot;\\&quot;,\\&quot;width_unit\\&quot;:\\&quot;px\\&quot;,\\&quot;always_hide\\&quot;:0,\\&quot;hide_on_mobile\\&quot;:0,\\&quot;show_only_on_mobile\\&quot;:0,\\&quot;cut_short_description_text\\&quot;:0,\\&quot;cut_short_description_text_size\\&quot;:\\&quot;\\&quot;,\\&quot;is_do_shortcodes\\&quot;:0,\\&quot;main_slug\\&quot;:\\&quot;short_description\\&quot;},{\\&quot;slug\\&quot;:\\&quot;price\\&quot;,\\&quot;original_name\\&quot;:\\&quot;Price\\&quot;,\\&quot;show_display_name\\&quot;:\\&quot;1\\&quot;,\\&quot;display_name\\&quot;:\\&quot;Prix\\&quot;,\\&quot;width\\&quot;:\\&quot;\\&quot;,\\&quot;width_unit\\&quot;:\\&quot;px\\&quot;,\\&quot;always_hide\\&quot;:0,\\&quot;hide_on_mobile\\&quot;:0,\\&quot;show_only_on_mobile\\&quot;:0,\\&quot;disable_sorting\\&quot;:0,\\&quot;main_slug\\&quot;:\\&quot;price\\&quot;},{\\&quot;slug\\&quot;:\\&quot;add_to_cart\\&quot;,\\&quot;original_name\\&quot;:\\&quot;Buy\\&quot;,\\&quot;show_display_name\\&quot;:\\&quot;1\\&quot;,\\&quot;display_name\\&quot;:\\&quot;Acheter\\&quot;,\\&quot;width\\&quot;:\\&quot;\\&quot;,\\&quot;width_unit\\&quot;:\\&quot;px\\&quot;,\\&quot;always_hide\\&quot;:0,\\&quot;hide_on_mobile\\&quot;:0,\\&quot;show_only_on_mobile\\&quot;:0,\\&quot;add_to_cart_hide_variation_attribute\\&quot;:0,\\&quot;main_slug\\&quot;:\\&quot;add_to_cart\\&quot;}]&quot;,&quot;caption_text&quot;:&quot;&quot;,&quot;description_text&quot;:&quot;&quot;,&quot;header_show&quot;:&quot;1&quot;,&quot;header_fixed_top_margin&quot;:&quot;&quot;,&quot;header_fixed_top_margin_unit&quot;:&quot;pixels&quot;,&quot;header_fixed_top_margin_mobile&quot;:&quot;&quot;,&quot;header_fixed_top_margin_unit_mobile&quot;:&quot;pixels&quot;,&quot;signature_text&quot;:&quot;&quot;,&quot;date_formats&quot;:&quot;Y-m-d&quot;,&quot;time_formats&quot;:&quot;H:i&quot;,&quot;pre_sorting&quot;:&quot;&quot;,&quot;sorting_default&quot;:&quot;&quot;,&quot;page_length&quot;:&quot;10&quot;,&quot;pagination_menu_content&quot;:&quot;10,20,50,100,All&quot;,&quot;column_searching_position&quot;:&quot;tfoot&quot;,&quot;print_logo_url&quot;:&quot;&quot;,&quot;show_add_to_cart_message&quot;:&quot;1&quot;,&quot;add_to_cart_message_position&quot;:&quot;top_right&quot;,&quot;width&quot;:{&quot;fixed_width&quot;:&quot;100&quot;,&quot;width_unit&quot;:&quot;percents&quot;},&quot;thumbnail_size&quot;:&quot;thumbnail&quot;,&quot;thumbnail_width&quot;:&quot;&quot;,&quot;thumbnail_height&quot;:&quot;&quot;,&quot;mobile_width&quot;:&quot;768&quot;,&quot;responsive_mode&quot;:&quot;horizontal&quot;,&quot;horizontal_scroll&quot;:&quot;footer&quot;,&quot;responcive_child_hide&quot;:&quot;first_column&quot;,&quot;borders&quot;:&quot;cell&quot;,&quot;add_cart_styles&quot;:{&quot;text&quot;:&quot;&quot;,&quot;color&quot;:&quot;black&quot;},&quot;selected_to_cart&quot;:&quot;Add selected to cart&quot;,&quot;all_to_cart&quot;:&quot;Add all to cart&quot;,&quot;variation_to_cart&quot;:&quot;Add for&quot;,&quot;empty_table&quot;:&quot;There&amp;#039;re no products in the table&quot;,&quot;table_info&quot;:&quot;Showing _START_ to _END_ of _TOTAL_ entries&quot;,&quot;table_info_empty&quot;:&quot;Showing 0 to 0 of 0 entries&quot;,&quot;filtered_info_text&quot;:&quot;(filtered from _MAX_ total entries)&quot;,&quot;length_text&quot;:&quot;Show: _MENU_&quot;,&quot;search_label&quot;:&quot;Search:&quot;,&quot;processing_text&quot;:&quot;Processing...&quot;,&quot;zero_records&quot;:&quot;No matching records are found&quot;,&quot;lang_previous&quot;:&quot;Previous&quot;,&quot;lang_next&quot;:&quot;Next&quot;,&quot;filter_text&quot;:&quot;&quot;,&quot;reset_text&quot;:&quot;&quot;,&quot;stock_quantity_text&quot;:&quot;&quot;,&quot;select_attributes_text&quot;:&quot;&quot;,&quot;product_added_to_cart&quot;:&quot;Product added to cart&quot;,&quot;product_not_added_to_cart&quot;:&quot;Product not added to cart&quot;,&quot;replacing_the_text_out_of_stock&quot;:&quot;&quot;,&quot;custom_css&quot;:&quot;&quot;,&quot;custom_js&quot;:&quot;&quot;,&quot;print_text&quot;:&quot;Drucken&quot;}\">\n\t\t<thead><tr><th data-key=\"thumbnail\" class=\"no-sort\">Image<\/th><th data-key=\"short_description\" class=\"no-sort\">Beschreibung<\/th><th data-key=\"price\">Prix<\/th><th data-key=\"add_to_cart\" class=\"no-sort\">Acheter<\/th><\/tr><\/thead><tbody><tr><td class=\"thumbnail\"><a href=\"https:\/\/ortica.ch\/wp-content\/uploads\/2021\/05\/biochar_7kg_ortica.jpg\" data-lightbox=\"58071\" class=\"wtbpMainImage\"><img loading=\"lazy\" decoding=\"async\" width=\"150\" height=\"150\" src=\"https:\/\/ortica.ch\/wp-content\/uploads\/2021\/05\/biochar_7kg_ortica-150x150.jpg\" class=\"attachment-thumbnail size-thumbnail\" alt=\"Le Biochar d&#039;Ortica - 7 kg\" srcset=\"https:\/\/ortica.ch\/wp-content\/uploads\/2021\/05\/biochar_7kg_ortica-150x150.jpg 150w, https:\/\/ortica.ch\/wp-content\/uploads\/2021\/05\/biochar_7kg_ortica-300x300.jpg 300w, https:\/\/ortica.ch\/wp-content\/uploads\/2021\/05\/biochar_7kg_ortica-1024x1024.jpg 1024w, https:\/\/ortica.ch\/wp-content\/uploads\/2021\/05\/biochar_7kg_ortica-768x768.jpg 768w, https:\/\/ortica.ch\/wp-content\/uploads\/2021\/05\/biochar_7kg_ortica-12x12.jpg 12w, https:\/\/ortica.ch\/wp-content\/uploads\/2021\/05\/biochar_7kg_ortica-600x600.jpg 600w, https:\/\/ortica.ch\/wp-content\/uploads\/2021\/05\/biochar_7kg_ortica-100x100.jpg 100w, https:\/\/ortica.ch\/wp-content\/uploads\/2021\/05\/biochar_7kg_ortica.jpg 1200w\" sizes=\"auto, (max-width: 150px) 100vw, 150px\" \/><\/a><\/td><td class=\"short_description\"><strong>Biochar 7kg<\/strong><\/td><td class=\"price\" data-order=\"34.80\" data-search=\"34.80\"><span class=\"woocommerce-Price-amount amount\"><bdi><span class=\"woocommerce-Price-currencySymbol\">&#67;&#72;&#70;<\/span>&nbsp;34.80<\/bdi><\/span> <small class=\"woocommerce-price-suffix\">HT<\/small><\/td><td class=\"add_to_cart\"><div class=\"wtbpAddToCartWrapper\" data-product_id=\"58071\" data-cart-text=\"In den Warenkorb\" data-default-cart-text=\"Ausf\u00fchrung w\u00e4hlen\"><div class=\"quantity\">\n\t<button class=\"tve-woo-quantity-button\" type=\"button\" data-op=\"minus\">-<\/button>\t<label class=\"screen-reader-text\" for=\"quantity_69d2949e63b33\">Biochar 7kg Menge<\/label>\n\t<input\n\t\ttype=\"number\"\n\t\t\t\tid=\"quantity_69d2949e63b33\"\n\t\tclass=\"input-text qty text\"\n\t\tname=\"quantity\"\n\t\tvalue=\"1\"\n\t\taria-label=\"Produktmenge\"\n\t\t\t\tmin=\"1\"\n\t\t\t\t\t\t\tstep=\"1\"\n\t\t\tplaceholder=\"\"\n\t\t\tinputmode=\"numeric\"\n\t\t\tautocomplete=\"off\"\n\t\t\t\/>\n\t<button class=\"tve-woo-quantity-button\" type=\"button\" data-op=\"plus\">+<\/button><\/div>\n<p class=\"product woocommerce add_to_cart_inline \" style=\"\"><a href=\"\/de\/wp-json\/wp\/v2\/pages\/62522?add-to-cart=58071\" aria-describedby=\"woocommerce_loop_add_to_cart_link_describedby_58071\" data-quantity=\"1\" class=\"button product_type_simple add_to_cart_button ajax_add_to_cart\" data-product_id=\"58071\" data-product_sku=\"\" aria-label=\"In den Warenkorb legen: \u201eBiochar 7kg\u201c\" rel=\"nofollow\" data-success_message=\"\u201eBiochar 7kg\u201c wurde deinem Warenkorb hinzugef\u00fcgt\" role=\"button\">In den Warenkorb<\/a>\t<span id=\"woocommerce_loop_add_to_cart_link_describedby_58071\" class=\"screen-reader-text\">\n\t\t\t<\/span>\n<\/p><\/div><div class=\"wtbpVarDescriptions wtbpHidden\" data-show-var-description=\"0\"><\/div><a href=\"https:\/\/ortica.ch\/wp-content\/uploads\/2021\/05\/biochar_7kg_ortica.jpg\" data-lightbox=\"58071\" class=\"wtbpVarImageForPopup wtbpHidden\" data-variation_id=\"58071\"><img loading=\"lazy\" decoding=\"async\" width=\"1024\" height=\"1024\" src=\"https:\/\/ortica.ch\/wp-content\/uploads\/2021\/05\/biochar_7kg_ortica-1024x1024.jpg\" class=\"attachment-large size-large\" alt=\"Le Biochar d&#039;Ortica - 7 kg\" srcset=\"https:\/\/ortica.ch\/wp-content\/uploads\/2021\/05\/biochar_7kg_ortica-1024x1024.jpg 1024w, https:\/\/ortica.ch\/wp-content\/uploads\/2021\/05\/biochar_7kg_ortica-300x300.jpg 300w, https:\/\/ortica.ch\/wp-content\/uploads\/2021\/05\/biochar_7kg_ortica-150x150.jpg 150w, https:\/\/ortica.ch\/wp-content\/uploads\/2021\/05\/biochar_7kg_ortica-768x768.jpg 768w, https:\/\/ortica.ch\/wp-content\/uploads\/2021\/05\/biochar_7kg_ortica-12x12.jpg 12w, https:\/\/ortica.ch\/wp-content\/uploads\/2021\/05\/biochar_7kg_ortica-600x600.jpg 600w, https:\/\/ortica.ch\/wp-content\/uploads\/2021\/05\/biochar_7kg_ortica-100x100.jpg 100w, https:\/\/ortica.ch\/wp-content\/uploads\/2021\/05\/biochar_7kg_ortica.jpg 1200w\" sizes=\"auto, (max-width: 1024px) 100vw, 1024px\" \/><\/a><\/td><\/tr><tr><td class=\"thumbnail\"><a href=\"https:\/\/ortica.ch\/wp-content\/uploads\/2021\/05\/biochar_1100_litres_ortica.jpg\" data-lightbox=\"58073\" class=\"wtbpMainImage\"><img loading=\"lazy\" decoding=\"async\" width=\"150\" height=\"150\" src=\"https:\/\/ortica.ch\/wp-content\/uploads\/2021\/05\/biochar_1100_litres_ortica-150x150.jpg\" class=\"attachment-thumbnail size-thumbnail\" alt=\"Le Biochar d&#039;Ortica - 1100 et 3000 litres\" srcset=\"https:\/\/ortica.ch\/wp-content\/uploads\/2021\/05\/biochar_1100_litres_ortica-150x150.jpg 150w, https:\/\/ortica.ch\/wp-content\/uploads\/2021\/05\/biochar_1100_litres_ortica-300x300.jpg 300w, https:\/\/ortica.ch\/wp-content\/uploads\/2021\/05\/biochar_1100_litres_ortica-100x100.jpg 100w\" sizes=\"auto, (max-width: 150px) 100vw, 150px\" \/><\/a><\/td><td class=\"short_description\"><strong>Biochar 1000 litres<\/strong><\/td><td class=\"price\" data-order=\"545\" data-search=\"545\"><span class=\"woocommerce-Price-amount amount\"><bdi><span class=\"woocommerce-Price-currencySymbol\">&#67;&#72;&#70;<\/span>&nbsp;545.00<\/bdi><\/span> <small class=\"woocommerce-price-suffix\">HT<\/small><\/td><td class=\"add_to_cart\"><div class=\"wtbpAddToCartWrapper\" data-product_id=\"58073\" data-cart-text=\"In den Warenkorb\" data-default-cart-text=\"Ausf\u00fchrung w\u00e4hlen\"><div class=\"quantity\">\n\t<button class=\"tve-woo-quantity-button\" type=\"button\" data-op=\"minus\">-<\/button>\t<label class=\"screen-reader-text\" for=\"quantity_69d2949e6771d\">Biochar 1000 litres Menge<\/label>\n\t<input\n\t\ttype=\"number\"\n\t\t\t\tid=\"quantity_69d2949e6771d\"\n\t\tclass=\"input-text qty text\"\n\t\tname=\"quantity\"\n\t\tvalue=\"1\"\n\t\taria-label=\"Produktmenge\"\n\t\t\t\tmin=\"1\"\n\t\t\t\t\t\t\tstep=\"1\"\n\t\t\tplaceholder=\"\"\n\t\t\tinputmode=\"numeric\"\n\t\t\tautocomplete=\"off\"\n\t\t\t\/>\n\t<button class=\"tve-woo-quantity-button\" type=\"button\" data-op=\"plus\">+<\/button><\/div>\n<p class=\"product woocommerce add_to_cart_inline \" style=\"\"><a href=\"\/de\/wp-json\/wp\/v2\/pages\/62522?add-to-cart=58073\" aria-describedby=\"woocommerce_loop_add_to_cart_link_describedby_58073\" data-quantity=\"1\" class=\"button product_type_simple add_to_cart_button ajax_add_to_cart\" data-product_id=\"58073\" data-product_sku=\"\" aria-label=\"In den Warenkorb legen: \u201eBiochar 1000 litres\u201c\" rel=\"nofollow\" data-success_message=\"\u201eBiochar 1000 litres\u201c wurde deinem Warenkorb hinzugef\u00fcgt\" role=\"button\">In den Warenkorb<\/a>\t<span id=\"woocommerce_loop_add_to_cart_link_describedby_58073\" class=\"screen-reader-text\">\n\t\t\t<\/span>\n<\/p><\/div><div class=\"wtbpVarDescriptions wtbpHidden\" data-show-var-description=\"0\"><\/div><a href=\"https:\/\/ortica.ch\/wp-content\/uploads\/2021\/05\/biochar_1100_litres_ortica.jpg\" data-lightbox=\"58073\" class=\"wtbpVarImageForPopup wtbpHidden\" data-variation_id=\"58073\"><img loading=\"lazy\" decoding=\"async\" width=\"1024\" height=\"768\" src=\"https:\/\/ortica.ch\/wp-content\/uploads\/2021\/05\/biochar_1100_litres_ortica-1024x768.jpg\" class=\"attachment-large size-large\" alt=\"Le Biochar d&#039;Ortica - 1100 et 3000 litres\" srcset=\"https:\/\/ortica.ch\/wp-content\/uploads\/2021\/05\/biochar_1100_litres_ortica-1024x768.jpg 1024w, https:\/\/ortica.ch\/wp-content\/uploads\/2021\/05\/biochar_1100_litres_ortica-300x225.jpg 300w, https:\/\/ortica.ch\/wp-content\/uploads\/2021\/05\/biochar_1100_litres_ortica-768x576.jpg 768w, https:\/\/ortica.ch\/wp-content\/uploads\/2021\/05\/biochar_1100_litres_ortica-1536x1152.jpg 1536w, https:\/\/ortica.ch\/wp-content\/uploads\/2021\/05\/biochar_1100_litres_ortica-16x12.jpg 16w, https:\/\/ortica.ch\/wp-content\/uploads\/2021\/05\/biochar_1100_litres_ortica-600x450.jpg 600w, https:\/\/ortica.ch\/wp-content\/uploads\/2021\/05\/biochar_1100_litres_ortica.jpg 1600w\" sizes=\"auto, (max-width: 1024px) 100vw, 1024px\" \/><\/a><\/td><\/tr><tr><td class=\"thumbnail\"><a href=\"https:\/\/ortica.ch\/wp-content\/uploads\/2021\/05\/biochar_1100_litres_ortica.jpg\" data-lightbox=\"58075\" class=\"wtbpMainImage\"><img loading=\"lazy\" decoding=\"async\" width=\"150\" height=\"150\" src=\"https:\/\/ortica.ch\/wp-content\/uploads\/2021\/05\/biochar_1100_litres_ortica-150x150.jpg\" class=\"attachment-thumbnail size-thumbnail\" alt=\"Le Biochar d&#039;Ortica - 1100 et 3000 litres\" srcset=\"https:\/\/ortica.ch\/wp-content\/uploads\/2021\/05\/biochar_1100_litres_ortica-150x150.jpg 150w, https:\/\/ortica.ch\/wp-content\/uploads\/2021\/05\/biochar_1100_litres_ortica-300x300.jpg 300w, https:\/\/ortica.ch\/wp-content\/uploads\/2021\/05\/biochar_1100_litres_ortica-100x100.jpg 100w\" sizes=\"auto, (max-width: 150px) 100vw, 150px\" \/><\/a><\/td><td class=\"short_description\"><strong>Biochar 3000 litres<\/strong><\/td><td class=\"price\" data-order=\"1472\" data-search=\"1472\"><span class=\"woocommerce-Price-amount amount\"><bdi><span class=\"woocommerce-Price-currencySymbol\">&#67;&#72;&#70;<\/span>&nbsp;1'472.00<\/bdi><\/span> <small class=\"woocommerce-price-suffix\">HT<\/small><\/td><td class=\"add_to_cart\"><div class=\"wtbpAddToCartWrapper\" data-product_id=\"58075\" data-cart-text=\"In den Warenkorb\" data-default-cart-text=\"Ausf\u00fchrung w\u00e4hlen\"><div class=\"quantity\">\n\t<button class=\"tve-woo-quantity-button\" type=\"button\" data-op=\"minus\">-<\/button>\t<label class=\"screen-reader-text\" for=\"quantity_69d2949e693e4\">Biochar 3000 litres Menge<\/label>\n\t<input\n\t\ttype=\"number\"\n\t\t\t\tid=\"quantity_69d2949e693e4\"\n\t\tclass=\"input-text qty text\"\n\t\tname=\"quantity\"\n\t\tvalue=\"1\"\n\t\taria-label=\"Produktmenge\"\n\t\t\t\tmin=\"1\"\n\t\t\t\t\t\t\tstep=\"1\"\n\t\t\tplaceholder=\"\"\n\t\t\tinputmode=\"numeric\"\n\t\t\tautocomplete=\"off\"\n\t\t\t\/>\n\t<button class=\"tve-woo-quantity-button\" type=\"button\" data-op=\"plus\">+<\/button><\/div>\n<p class=\"product woocommerce add_to_cart_inline \" style=\"\"><a href=\"\/de\/wp-json\/wp\/v2\/pages\/62522?add-to-cart=58075\" aria-describedby=\"woocommerce_loop_add_to_cart_link_describedby_58075\" data-quantity=\"1\" class=\"button product_type_simple add_to_cart_button ajax_add_to_cart\" data-product_id=\"58075\" data-product_sku=\"\" aria-label=\"In den Warenkorb legen: \u201eBiochar 3000 litres\u201c\" rel=\"nofollow\" data-success_message=\"\u201eBiochar 3000 litres\u201c wurde deinem Warenkorb hinzugef\u00fcgt\" role=\"button\">In den Warenkorb<\/a>\t<span id=\"woocommerce_loop_add_to_cart_link_describedby_58075\" class=\"screen-reader-text\">\n\t\t\t<\/span>\n<\/p><\/div><div class=\"wtbpVarDescriptions wtbpHidden\" data-show-var-description=\"0\"><\/div><a href=\"https:\/\/ortica.ch\/wp-content\/uploads\/2021\/05\/biochar_1100_litres_ortica.jpg\" data-lightbox=\"58075\" class=\"wtbpVarImageForPopup wtbpHidden\" data-variation_id=\"58075\"><img loading=\"lazy\" decoding=\"async\" width=\"1024\" height=\"768\" src=\"https:\/\/ortica.ch\/wp-content\/uploads\/2021\/05\/biochar_1100_litres_ortica-1024x768.jpg\" class=\"attachment-large size-large\" alt=\"Le Biochar d&#039;Ortica - 1100 et 3000 litres\" srcset=\"https:\/\/ortica.ch\/wp-content\/uploads\/2021\/05\/biochar_1100_litres_ortica-1024x768.jpg 1024w, https:\/\/ortica.ch\/wp-content\/uploads\/2021\/05\/biochar_1100_litres_ortica-300x225.jpg 300w, https:\/\/ortica.ch\/wp-content\/uploads\/2021\/05\/biochar_1100_litres_ortica-768x576.jpg 768w, https:\/\/ortica.ch\/wp-content\/uploads\/2021\/05\/biochar_1100_litres_ortica-1536x1152.jpg 1536w, https:\/\/ortica.ch\/wp-content\/uploads\/2021\/05\/biochar_1100_litres_ortica-16x12.jpg 16w, https:\/\/ortica.ch\/wp-content\/uploads\/2021\/05\/biochar_1100_litres_ortica-600x450.jpg 600w, https:\/\/ortica.ch\/wp-content\/uploads\/2021\/05\/biochar_1100_litres_ortica.jpg 1600w\" sizes=\"auto, (max-width: 1024px) 100vw, 1024px\" \/><\/a><\/td><\/tr><\/tbody>\t<\/table>\n\t<div class=\"wtbpFilterWrapper\">\n\t\t \n\t<\/div>\n\t<div class=\"wtbpCustomCssWrapper wtbpHidden\">\n\t\t\t<\/div>\n\t<div class=\"wtbpLoader\"><div class=\"woobewoo-table-loader wtbpLogoLoader\"><\/div><\/div><\/div>\n\n<h2 style=\"\"><strong>Emploi du biochar<\/strong><\/h2>\n<p>Plantage von B\u00e4umen und Str\u00e4uchern, Anlegen von Beeten, Anpflanzen von Einj\u00e4hrigen und Stauden, K\u00fcbel und Blumenk\u00e4sten, Anlegen von Rasen, Gem\u00fcsegarten. Empfohlen f\u00fcr alle landwirtschaftlichen Kulturen.<\/p>\n<h2 style=\"\"><strong>Propri\u00e9t\u00e9s du biochar<\/strong><\/h2>\n<p>&#8211; Reich an Mikroorganismen, Mineralien und Spurenelementen f\u00fcr den schnellen Aufbau von Humus.- Hohes Wasserr\u00fcckhalteverm\u00f6gen: (mindestens 50 %)- Le biochar renforce les d\u00e9fenses immunitaires des plantes.- Beschleunigt die Mykorrhizierung des Bodens.- Wird in der Terra Preta verwendet.- Le biochar permet de cr\u00e9er un habitat durable pour la vie du sol (grande porosit\u00e9 du biochar : 200 m2\/g).- Begrenzt die Auswaschung aus dem Boden.- Erm\u00f6glicht die Wiederherstellung von \u00fcbers\u00e4uerten B\u00f6den.- Le biochar limite l\u2019usage des engrais solubles.- Hat eine hohe Kationenaustauschkapazit\u00e4t (KAK).- Stabile Kohlenstoffzufuhr: bleibt mehrere hundert Jahre im Boden (entdeckt bei den amerikanischen Ureinwohnern in pr\u00e4kolumbianischer Zeit mit der Terra-Preta-Technik).<\/p>\n<h2 style=\"\">Mode d&#8217;emploi du biochar<\/h2>\n<h3 style=\"\"><strong><span style=\"text-decoration: underline;\">Dosages du biochar<\/span><\/strong><\/h3>\n<p><strong>Beete, Neuanpflanzung, neuer Rasen, Garten :<\/strong>Streuen Sie 200 g\/m2 Biochar vor der Bodenbearbeitung mit einer Einachsschlepper oder von Hand aus. Es wird empfohlen, sie mit Wasser zu mischen, um sie dann auf den Boden zu streuen.<strong>Pflanzgrube B\u00e4ume und Str\u00e4ucher, K\u00fcbel und Blumenk\u00e4sten :<\/strong>5 bis 25% des Grubenvolumens einarbeiten. Beispiel: 100 Liter Grube, 5 bis 25 Liter Biokohle in das Erd-Erde-Gemisch hinzuf\u00fcgen.<\/p>\n<h3 style=\"\"><strong><span style=\"text-decoration: underline;\">Associations avec le biochar<\/span><\/strong><\/h3>\n<p><strong>Basalt:<\/strong>Il est recommand\u00e9 de m\u00e9langer le biochar avec du basalte afin d\u2019augmenter son potentiel agronomique.<strong>Fermentierter Extrakt:<\/strong>Il int\u00e9ressant apr\u00e8s son apport de pulv\u00e9riser au sol un extrait ferment\u00e9 <a href=\"https:\/\/ortica.ch\/purin-d-ortie\/\" style=\"outline: none;\"><span style=\"text-decoration: underline;\">d\u2019ortie<\/span><\/a> ou de <a href=\"https:\/\/ortica.ch\/purin-de-consoude\/\" style=\"outline: none;\">consoude<\/a>.<\/p>\n<h2><strong><span style=\"font-size: 22px;\">Informations compl\u00e9mentaires sur le biochar<\/span><\/strong><\/h2>\n<p><strong>Lieferzeit:<\/strong>&#8211; 2 bis 6 Tage unter normalen Bedingungen&nbsp;<strong>P\u00e9riode d&#8217;application du biochar:<\/strong>Das ganze Jahr \u00fcber<strong>Aufbewahrung:<\/strong>An einem trockenen Ort aufbewahren&nbsp;Vermeiden Sie, dass das Produkt Witterungseinfl\u00fcssen ausgesetzt wird.&nbsp;<strong>Haltbarkeit:<\/strong>Mehrere hundert Jahre<strong>Betriebsmittelliste:<\/strong>Das Produkt ist auf der Betriebsmittelliste des Forschungsinstituts f\u00fcr biologischen Landbau (FiBL) aufgef\u00fchrt und kann daher im biologischen Land- und Gartenbau verwendet werden.<strong>Vorsichtsmassnahmen f\u00fcr den Gebrauch:<\/strong>Beachte die Gebrauchsanweisung und die vorgeschriebenen Dosen. Stark basisches Produkt, kann Staub freisetzen, feucht verwenden, Handschuhe und Atemschutzmaske tragen.<strong>Fiche technique du biochar:<\/strong><span style=\"\"><a href=\"https:\/\/ortica.ch\/wp-content\/uploads\/2022\/04\/Fiche_technique_biochar.pdf\" target=\"_blank\" rel=\"noopener\"><img decoding=\"async\" alt=\"fiche technique du biochar\" data-id=\"59192\" width=\"150\" data-init-width=\"1414\" height=\"212\" data-init-height=\"2000\" title=\"biochar_en_micro_organismes_ortica\" src=\"https:\/\/ortica.ch\/wp-content\/uploads\/2022\/04\/biochar_en_micro_organismes_ortica.jpg\" data-width=\"150\" style=\"aspect-ratio: auto 1414 \/ 2000;\" data-link-wrap=\"true\" mt-d=\"-2.125\" data-height=\"212\" loading=\"lazy\"><\/a><\/span><\/p>\n","protected":false},"excerpt":{"rendered":"<p>Biokohle Notre biochar est disponible sous plusieurs formes de conditionnements. Lieferzeit: 2-6 Werktage Emploi du biochar Plantage von B\u00e4umen und Str\u00e4uchern, Anlegen von Beeten, Anpflanzen von Einj\u00e4hrigen und Stauden, K\u00fcbel und Blumenk\u00e4sten, Anlegen von Rasen, Gem\u00fcsegarten. Empfohlen f\u00fcr alle landwirtschaftlichen Kulturen. Propri\u00e9t\u00e9s du biochar &#8211; Reich an Mikroorganismen, Mineralien und Spurenelementen f\u00fcr den schnellen Aufbau [&hellip;]<\/p>\n","protected":false},"author":1,"featured_media":0,"parent":0,"menu_order":0,"comment_status":"closed","ping_status":"closed","template":"","meta":{"_seopress_robots_primary_cat":"","_seopress_titles_title":"Biokohle - Ortica","_seopress_titles_desc":"Biokohle: Erfahren Sie mehr \u00fcber die Eigenschaften von Biokohle, ihre Verwendung, ihre Merkmale, unsere Produkte und verschiedene Beh\u00e4lter f\u00fcr Biokohle.","_seopress_robots_index":"","footnotes":""},"class_list":["post-62522","page","type-page","status-publish","hentry","post-wrapper","thrv_wrapper"],"_links":{"self":[{"href":"https:\/\/ortica.ch\/de\/wp-json\/wp\/v2\/pages\/62522","targetHints":{"allow":["GET"]}}],"collection":[{"href":"https:\/\/ortica.ch\/de\/wp-json\/wp\/v2\/pages"}],"about":[{"href":"https:\/\/ortica.ch\/de\/wp-json\/wp\/v2\/types\/page"}],"author":[{"embeddable":true,"href":"https:\/\/ortica.ch\/de\/wp-json\/wp\/v2\/users\/1"}],"replies":[{"embeddable":true,"href":"https:\/\/ortica.ch\/de\/wp-json\/wp\/v2\/comments?post=62522"}],"version-history":[{"count":5,"href":"https:\/\/ortica.ch\/de\/wp-json\/wp\/v2\/pages\/62522\/revisions"}],"predecessor-version":[{"id":62528,"href":"https:\/\/ortica.ch\/de\/wp-json\/wp\/v2\/pages\/62522\/revisions\/62528"}],"wp:attachment":[{"href":"https:\/\/ortica.ch\/de\/wp-json\/wp\/v2\/media?parent=62522"}],"curies":[{"name":"wp","href":"https:\/\/api.w.org\/{rel}","templated":true}]}}